{"id":1531,"date":"2026-01-22T18:06:59","date_gmt":"2026-01-22T18:06:59","guid":{"rendered":"https:\/\/independentescort.ch\/escort-st-moritz\/"},"modified":"2026-03-14T11:50:28","modified_gmt":"2026-03-14T11:50:28","slug":"escort-st-moritz","status":"publish","type":"page","link":"https:\/\/independentescort.ch\/en\/escort-st-moritz\/","title":{"rendered":"Escort St. Moritz"},"content":{"rendered":"<div class=\"et_pb_section_0 et_pb_section et_section_regular et_block_section\">\n<div class=\"et_pb_row_0 et_pb_row et_block_row\">\n<div class=\"et_pb_column_0 et_pb_column et_pb_column_4_4 et-last-child et_block_column et_pb_css_mix_blend_mode_passthrough\">\n<div class=\"et_pb_text_0 et_pb_text et_pb_bg_layout_light et_pb_module et_block_module preset--module--divi-text--8c4ed56e-cb32-4e5c-806c-169e597de0ca\"><div class=\"et_pb_text_inner\"><h1>Independent Escort St. Moritz<\/h1>\n<\/div><\/div>\n<\/div>\n<\/div>\n\n<div class=\"et_pb_row_1 et_pb_row et_flex_row\">\n<div class=\"et_pb_column_1 et_pb_column et-last-child et_block_column et_pb_css_mix_blend_mode_passthrough et_flex_column_24_24 et_flex_column_24_24_tablet et_flex_column_24_24_phone\">\n<div class=\"et_pb_text_1 et_pb_text et_pb_bg_layout_light et_pb_module et_block_module\"><div class=\"et_pb_text_inner\"><h2><strong>High class escort in St. Moritz for the discerning connoisseur<br \/>Luxury escort service Engadin at the highest level for exciting experiences beyond the ordinary<\/strong><\/h2>\n<\/div><\/div>\n\n<div class=\"et_pb_module et_pb_button_module_wrapper et_pb_button_0_wrapper preset--module--divi-button--b98416fa-f5c0-4844-bc43-4c3679271e88_wrapper\"><a class=\"et_pb_button_0 et_pb_button et_pb_bg_layout_light et_pb_module et_block_module preset--module--divi-button--b98416fa-f5c0-4844-bc43-4c3679271e88\" href=\"https:\/\/independentescort.ch\/en\/\">Escort Home<\/a><\/div>\n<\/div>\n<\/div>\n\n<div class=\"et_pb_row_2 et_pb_row et_pb_row_1-4_1-4_1-2 et_block_row et_block_row_1-4_1-4_1-2\">\n<div class=\"et_pb_column_2 et_pb_column et_pb_column_1_4 et_block_column et_pb_css_mix_blend_mode_passthrough\">\n<div class=\"et_pb_image_0 et_pb_image et_pb_module et_block_module\"><span class=\"et_pb_image_wrap\"><img loading=\"lazy\" decoding=\"async\" src=\"https:\/\/independentescort.ch\/wp-content\/uploads\/2026\/02\/Ava-26-80.jpg\" alt=\"Independent Escort St. Moritz\" title=\"Independent Escort St. Moritz\" width=\"1098\" height=\"1500\" srcset=\"https:\/\/independentescort.ch\/wp-content\/uploads\/2026\/02\/Ava-26-80.jpg 1098w, https:\/\/independentescort.ch\/wp-content\/uploads\/2026\/02\/Ava-26-80-980x1339.jpg 980w, https:\/\/independentescort.ch\/wp-content\/uploads\/2026\/02\/Ava-26-80-480x656.jpg 480w\" sizes=\"(min-width: 0px) and (max-width: 480px) 480px, (min-width: 481px) and (max-width: 980px) 980px, (min-width: 981px) 1098px, 100vw\" class=\"wp-image-2259\" \/><\/span><\/div>\n<\/div>\n\n<div class=\"et_pb_column_3 et_pb_column et_pb_column_1_2 et_block_column et_pb_css_mix_blend_mode_passthrough\">\n<div class=\"et_pb_image_1 et_pb_image et_pb_module et_block_module\"><span class=\"et_pb_image_wrap\"><img loading=\"lazy\" decoding=\"async\" src=\"https:\/\/independentescort.ch\/wp-content\/uploads\/2026\/02\/Ava-26-88.webp\" alt=\"Dominatrix St. Moritz\" title=\"Dominatrix St. Moritz\" width=\"1956\" height=\"1488\" srcset=\"https:\/\/independentescort.ch\/wp-content\/uploads\/2026\/02\/Ava-26-88.webp 1956w, https:\/\/independentescort.ch\/wp-content\/uploads\/2026\/02\/Ava-26-88-1280x974.webp 1280w, https:\/\/independentescort.ch\/wp-content\/uploads\/2026\/02\/Ava-26-88-980x746.webp 980w, https:\/\/independentescort.ch\/wp-content\/uploads\/2026\/02\/Ava-26-88-480x365.webp 480w\" sizes=\"(min-width: 0px) and (max-width: 480px) 480px, (min-width: 481px) and (max-width: 980px) 980px, (min-width: 981px) and (max-width: 1280px) 1280px, (min-width: 1281px) 1956px, 100vw\" class=\"wp-image-2279\" \/><\/span><\/div>\n<\/div>\n\n<div class=\"et_pb_column_4 et_pb_column et_pb_column_1_4 et-last-child et_block_column et_pb_css_mix_blend_mode_passthrough\">\n<div class=\"et_pb_image_2 et_pb_image et_pb_module et_flex_module\"><span class=\"et_pb_image_wrap\"><img loading=\"lazy\" decoding=\"async\" src=\"https:\/\/independentescort.ch\/wp-content\/uploads\/2026\/03\/Ava-26-57-Stadt.webp\" alt=\"Escort St. Moritz\" title=\"Escort St. Moritz\" width=\"1098\" height=\"1500\" srcset=\"https:\/\/independentescort.ch\/wp-content\/uploads\/2026\/03\/Ava-26-57-Stadt.webp 1098w, https:\/\/independentescort.ch\/wp-content\/uploads\/2026\/03\/Ava-26-57-Stadt-980x1339.webp 980w, https:\/\/independentescort.ch\/wp-content\/uploads\/2026\/03\/Ava-26-57-Stadt-480x656.webp 480w\" sizes=\"(min-width: 0px) and (max-width: 480px) 480px, (min-width: 481px) and (max-width: 980px) 980px, (min-width: 981px) 1098px, 100vw\" class=\"wp-image-2506\" \/><\/span><\/div>\n<\/div>\n<\/div>\n<\/div>\n\n<div class=\"et_pb_section_1 et_pb_section et_section_regular et_block_section\">\n<div class=\"et_pb_row_3 et_pb_row et_block_row\">\n<div class=\"et_pb_column_5 et_pb_column et_pb_column_1_2 et_block_column et_pb_css_mix_blend_mode_passthrough\">\n<div class=\"et_pb_image_3 et_pb_image et_pb_module et_block_module\"><span class=\"et_pb_image_wrap\"><img loading=\"lazy\" decoding=\"async\" src=\"https:\/\/independentescort.ch\/wp-content\/uploads\/2026\/03\/HomeEscort.webp\" alt=\"Independent Escort St. Moritz\" title=\"Independent Escort St. Moritz\" width=\"2201\" height=\"2190\" srcset=\"https:\/\/independentescort.ch\/wp-content\/uploads\/2026\/03\/HomeEscort.webp 2201w, https:\/\/independentescort.ch\/wp-content\/uploads\/2026\/03\/HomeEscort-1280x1274.webp 1280w, https:\/\/independentescort.ch\/wp-content\/uploads\/2026\/03\/HomeEscort-980x975.webp 980w, https:\/\/independentescort.ch\/wp-content\/uploads\/2026\/03\/HomeEscort-480x478.webp 480w\" sizes=\"(min-width: 0px) and (max-width: 480px) 480px, (min-width: 481px) and (max-width: 980px) 980px, (min-width: 981px) and (max-width: 1280px) 1280px, (min-width: 1281px) 2201px, 100vw\" class=\"wp-image-2263\" \/><\/span><\/div>\n<\/div>\n\n<div class=\"et_pb_column_6 et_pb_column et_pb_column_1_2 et-last-child et_block_column et_pb_css_mix_blend_mode_passthrough\">\n<div class=\"et_pb_heading_0 et_pb_heading et_pb_module et_flex_module\"><div class=\"et_pb_heading_container\"><h2 class=\"et_pb_module_header\">HIGH CLASS ESCORT ST. MORITZ<\/h2><\/div><\/div>\n\n<div class=\"et_pb_text_2 et_pb_text et_pb_bg_layout_light et_pb_module et_block_module preset--module--divi-text--a8e86e20-4fa2-4753-821d-f66967c3e0c0\"><div class=\"et_pb_text_inner\"><p>Experience an exclusive escort service St. Moritz where your fantasies become reality and lust is felt intensely. Treat yourself to something special and enjoy a sensual girlfriend experience or exciting BDSM play with me as your luxury dominatrix St. Moritz. <\/p>\n<\/div><\/div>\n\n<div class=\"et_pb_module et_pb_button_module_wrapper et_pb_button_1_wrapper preset--module--divi-button--f77ca62e-e777-4bc3-a94e-013ba6adca5e_wrapper\"><a class=\"et_pb_button_1 et_pb_button et_pb_bg_layout_light et_pb_module et_block_module preset--module--divi-button--f77ca62e-e777-4bc3-a94e-013ba6adca5e\" href=\"https:\/\/independentescort.ch\/en\/independent-escort-zurich\/\">Your playmate<\/a><\/div>\n\n<div class=\"et_pb_image_4 et_pb_image et_pb_module et_block_module\"><span class=\"et_pb_image_wrap\"><img loading=\"lazy\" decoding=\"async\" src=\"https:\/\/independentescort.ch\/wp-content\/uploads\/2026\/03\/Ava-Sophie-Staedte-klein.webp\" alt=\"High class Escort St. Moritz\" title=\"High class Escort St. Moritz\" width=\"1367\" height=\"1768\" srcset=\"https:\/\/independentescort.ch\/wp-content\/uploads\/2026\/03\/Ava-Sophie-Staedte-klein.webp 1367w, https:\/\/independentescort.ch\/wp-content\/uploads\/2026\/03\/Ava-Sophie-Staedte-klein-1280x1655.webp 1280w, https:\/\/independentescort.ch\/wp-content\/uploads\/2026\/03\/Ava-Sophie-Staedte-klein-980x1267.webp 980w, https:\/\/independentescort.ch\/wp-content\/uploads\/2026\/03\/Ava-Sophie-Staedte-klein-480x621.webp 480w\" sizes=\"(min-width: 0px) and (max-width: 480px) 480px, (min-width: 481px) and (max-width: 980px) 980px, (min-width: 981px) and (max-width: 1280px) 1280px, (min-width: 1281px) 1367px, 100vw\" class=\"wp-image-2451\" \/><\/span><\/div>\n<\/div>\n<\/div>\n<\/div>\n\n<div class=\"et_pb_section_2 et_pb_section et_section_regular et_block_section\">\n<div class=\"et_pb_row_4 et_pb_row et_block_row\">\n<div class=\"et_pb_column_7 et_pb_column et_pb_column_4_4 et-last-child et_block_column et_pb_css_mix_blend_mode_passthrough\">\n<div class=\"et_pb_text_3 et_pb_text et_pb_bg_layout_light et_pb_module et_block_module preset--module--divi-text--ea7b406b-8538-4323-8ce9-5fa0c445150b\"><div class=\"et_pb_text_inner\"><h2>Worlds of experience<\/h2>\n<\/div><\/div>\n<\/div>\n<\/div>\n\n<div class=\"et_pb_row_5 et_pb_row et_block_row\">\n<div class=\"et_pb_column_8 et_pb_column et_pb_column_1_3 et_block_column et_pb_css_mix_blend_mode_passthrough\">\n<div class=\"et_pb_image_5 et_pb_image et_pb_module et_block_module\"><span class=\"et_pb_image_wrap\"><img loading=\"lazy\" decoding=\"async\" src=\"https:\/\/independentescort.ch\/wp-content\/uploads\/2026\/03\/Ava-GFE-Staedte.webp\" alt=\"Escort St. Moritz\" title=\"Escort St. Moritz\" width=\"1100\" height=\"1500\" srcset=\"https:\/\/independentescort.ch\/wp-content\/uploads\/2026\/03\/Ava-GFE-Staedte.webp 1100w, https:\/\/independentescort.ch\/wp-content\/uploads\/2026\/03\/Ava-GFE-Staedte-980x1336.webp 980w, https:\/\/independentescort.ch\/wp-content\/uploads\/2026\/03\/Ava-GFE-Staedte-480x655.webp 480w\" sizes=\"(min-width: 0px) and (max-width: 480px) 480px, (min-width: 481px) and (max-width: 980px) 980px, (min-width: 981px) 1100px, 100vw\" class=\"wp-image-2446\" \/><\/span><\/div>\n\n<div class=\"et_pb_text_4 et_pb_text et_pb_bg_layout_light et_pb_module et_flex_module\"><div class=\"et_pb_text_inner\"><p>Girlfriend Experience<\/p>\n<\/div><\/div>\n\n<div class=\"et_pb_text_5 et_pb_text et_pb_bg_layout_light et_pb_module et_block_module\"><div class=\"et_pb_text_inner\"><p>In this seductive interlude only lust, passion and pleasure matter far from the hustle of everyday life.<\/p>\n<\/div><\/div>\n\n<div class=\"et_pb_module et_pb_button_module_wrapper et_pb_button_2_wrapper preset--module--divi-button--b98416fa-f5c0-4844-bc43-4c3679271e88_wrapper\"><a class=\"et_pb_button_2 et_pb_button et_pb_bg_layout_light et_pb_module et_block_module preset--module--divi-button--b98416fa-f5c0-4844-bc43-4c3679271e88\" href=\"https:\/\/independentescort.ch\/en\/escort-service-zurich\/\">Escort St. Moritz<\/a><\/div>\n<\/div>\n\n<div class=\"et_pb_column_9 et_pb_column et_pb_column_1_3 et_block_column et_pb_css_mix_blend_mode_passthrough\">\n<div class=\"et_pb_image_6 et_pb_image et_pb_module et_block_module\"><span class=\"et_pb_image_wrap\"><img loading=\"lazy\" decoding=\"async\" src=\"https:\/\/independentescort.ch\/wp-content\/uploads\/2026\/03\/Ava-Domina-Staedte.webp\" alt=\"Dominatrix St. Moritz\" title=\"Dominatrix St. Moritz\" width=\"1100\" height=\"1500\" srcset=\"https:\/\/independentescort.ch\/wp-content\/uploads\/2026\/03\/Ava-Domina-Staedte.webp 1100w, https:\/\/independentescort.ch\/wp-content\/uploads\/2026\/03\/Ava-Domina-Staedte-980x1336.webp 980w, https:\/\/independentescort.ch\/wp-content\/uploads\/2026\/03\/Ava-Domina-Staedte-480x655.webp 480w\" sizes=\"(min-width: 0px) and (max-width: 480px) 480px, (min-width: 481px) and (max-width: 980px) 980px, (min-width: 981px) 1100px, 100vw\" class=\"wp-image-2447\" \/><\/span><\/div>\n\n<div class=\"et_pb_text_6 et_pb_text et_pb_bg_layout_light et_pb_module et_flex_module\"><div class=\"et_pb_text_inner\"><p>Lustful dominance <\/p>\n<\/div><\/div>\n\n<div class=\"et_pb_text_7 et_pb_text et_pb_bg_layout_light et_pb_module et_block_module\"><div class=\"et_pb_text_inner\"><p>Enter the world of dominance and submission and experience new dimensions of lust.<\/p>\n<\/div><\/div>\n\n<div class=\"et_pb_module et_pb_button_module_wrapper et_pb_button_3_wrapper preset--module--divi-button--b98416fa-f5c0-4844-bc43-4c3679271e88_wrapper\"><a class=\"et_pb_button_3 et_pb_button et_pb_bg_layout_light et_pb_module et_block_module preset--module--divi-button--b98416fa-f5c0-4844-bc43-4c3679271e88\" href=\"https:\/\/independentescort.ch\/en\/dominatrix-zurich\/\">Dominatrix St. Moritz<\/a><\/div>\n<\/div>\n\n<div class=\"et_pb_column_10 et_pb_column et_pb_column_1_3 et-last-child et_block_column et_pb_css_mix_blend_mode_passthrough\">\n<div class=\"et_pb_image_7 et_pb_image et_pb_module et_block_module\"><span class=\"et_pb_image_wrap\"><img loading=\"lazy\" decoding=\"async\" src=\"https:\/\/independentescort.ch\/wp-content\/uploads\/2026\/03\/Ava-Sophie-Coaching-Staedte.webp\" alt=\"Sex Coaching St. Moritz\" title=\"Sex Coaching St. Moritz\" width=\"1100\" height=\"1500\" srcset=\"https:\/\/independentescort.ch\/wp-content\/uploads\/2026\/03\/Ava-Sophie-Coaching-Staedte.webp 1100w, https:\/\/independentescort.ch\/wp-content\/uploads\/2026\/03\/Ava-Sophie-Coaching-Staedte-980x1336.webp 980w, https:\/\/independentescort.ch\/wp-content\/uploads\/2026\/03\/Ava-Sophie-Coaching-Staedte-480x655.webp 480w\" sizes=\"(min-width: 0px) and (max-width: 480px) 480px, (min-width: 481px) and (max-width: 980px) 980px, (min-width: 981px) 1100px, 100vw\" class=\"wp-image-2445\" \/><\/span><\/div>\n\n<div class=\"et_pb_text_8 et_pb_text et_pb_bg_layout_light et_pb_module et_flex_module\"><div class=\"et_pb_text_inner\"><p>Sex coaching<\/p>\n<\/div><\/div>\n\n<div class=\"et_pb_text_9 et_pb_text et_pb_bg_layout_light et_pb_module et_block_module\"><div class=\"et_pb_text_inner\"><p>Enrich your sex life by improving your erotic skills and gain more confidence in intimate situations.<\/p>\n<\/div><\/div>\n\n<div class=\"et_pb_module et_pb_button_module_wrapper et_pb_button_4_wrapper preset--module--divi-button--b98416fa-f5c0-4844-bc43-4c3679271e88_wrapper\"><a class=\"et_pb_button_4 et_pb_button et_pb_bg_layout_light et_pb_module et_block_module preset--module--divi-button--b98416fa-f5c0-4844-bc43-4c3679271e88\" href=\"https:\/\/independentescort.ch\/en\/sex-coaching\/\">Sex coaching<\/a><\/div>\n<\/div>\n<\/div>\n<\/div>\n\n<div class=\"et_pb_section_3 et_pb_section et_section_regular et_block_section\">\n<div class=\"et_pb_row_6 et_pb_row et_block_row\">\n<div class=\"et_pb_column_11 et_pb_column et_pb_column_4_4 et-last-child et_block_column et_pb_css_mix_blend_mode_passthrough\">\n<div class=\"et_pb_text_10 et_pb_text et_pb_bg_layout_light et_pb_module et_block_module preset--module--divi-text--ea7b406b-8538-4323-8ce9-5fa0c445150b\"><div class=\"et_pb_text_inner\"><h2>Independent Escort St. Moritz<\/h2>\n<\/div><\/div>\n<\/div>\n<\/div>\n\n<div class=\"et_pb_row_7 et_pb_row et_flex_row\">\n<div class=\"et_pb_column_12 et_pb_column et_block_column et_pb_css_mix_blend_mode_passthrough et_flex_column_8_24 et_flex_column_8_24_tablet et_flex_column_24_24_phone\">\n<div class=\"et_pb_text_11 et_pb_text et_pb_bg_layout_light et_pb_module et_block_module\"><div class=\"et_pb_text_inner\"><p>CONTACT<\/p>\n<\/div><\/div>\n\n<div class=\"et_pb_text_12 et_pb_text et_pb_bg_layout_light et_pb_module et_block_module preset--module--divi-text--fdeb9ba9-ecc5-4e65-b319-a906a9c1ef18\"><div class=\"et_pb_text_inner\"><p>Ava-Sophie<\/p>\n<\/div><\/div>\n\n<div class=\"et_pb_text_13 et_pb_text et_pb_bg_layout_light et_clickable et_pb_module et_flex_module\"><div class=\"et_pb_text_inner\"><p><span style=\"color: #ffffff;\"><a href=\"mailto:liaisonluxe@pm.me\" style=\"color: #ffffff;\" title=\"Escort Email\">liaisonluxe@pm.me<\/a><\/span><\/p>\n<\/div><\/div>\n<\/div>\n\n<div class=\"et_pb_column_13 et_pb_column et_block_column et_pb_css_mix_blend_mode_passthrough et_flex_column_8_24 et_flex_column_8_24_tablet et_flex_column_24_24_phone\">\n<div class=\"et_pb_text_14 et_pb_text et_pb_bg_layout_light et_pb_module et_block_module\"><div class=\"et_pb_text_inner\"><p>AVAILABILITY<\/p>\n<\/div><\/div>\n\n<div class=\"et_pb_text_15 et_pb_text et_pb_bg_layout_light et_pb_module et_block_module preset--module--divi-text--fdeb9ba9-ecc5-4e65-b319-a906a9c1ef18\"><div class=\"et_pb_text_inner\"><p>Zurich and throughout Switzerland<\/p>\n<\/div><\/div>\n\n<div class=\"et_pb_text_16 et_pb_text et_pb_bg_layout_light et_pb_module et_flex_module\"><div class=\"et_pb_text_inner\"><p>Home and hotel visits, as well as luxury escort service<\/p>\n<\/div><\/div>\n<\/div>\n\n<div class=\"et_pb_column_14 et_pb_column et-last-child et_block_column et_pb_css_mix_blend_mode_passthrough et_flex_column_8_24 et_flex_column_8_24_tablet et_flex_column_24_24_phone\">\n<div class=\"et_pb_text_17 et_pb_text et_pb_bg_layout_light et_pb_module et_flex_module\"><div class=\"et_pb_text_inner\"><p>Copyright \u00a9 2026 Independent Escort Zurich | High Class Escort Service Switzerland<\/p>\n<\/div><\/div>\n<\/div>\n<\/div>\n<\/div>\n\n<div class=\"et_pb_section_4 et_pb_section et_section_regular et_flex_section\">\n<div class=\"et_pb_row_8 et_pb_row et_flex_row\">\n<div class=\"et_pb_column_15 et_pb_column et-last-child et_flex_column et_pb_css_mix_blend_mode_passthrough et_flex_column_24_24 et_flex_column_24_24_tablet et_flex_column_24_24_phone\">\n<div class=\"et_pb_heading_1 et_pb_heading et_pb_module et_flex_module\"><div class=\"et_pb_heading_container\"><h2 class=\"et_pb_module_header\">Experience the Engadin with Escort St. Moritz<\/h2><\/div><\/div>\n\n<div class=\"et_pb_text_18 et_pb_text et_pb_bg_layout_light et_pb_module et_flex_module\"><div class=\"et_pb_text_inner\"><p>St. Moritz stands for alpine luxury with international standards, sporty elegance, and a place that has been used to excellence for decades. The hotel scene is first class, service is precise, and even short stays feel special immediately because the overall quality is so high.  <\/p>\n<p>This is a destination for guests who value privacy and still expect top standards and style. Many come for the spectacular mountain landscape of the Engadin (Engadine) Valley and its crisp air. Others come for culture, cuisine, and the density of first rate addresses. It is a place for people who recognise quality and expect it to be delivered in every detail, from the hotel to the restaurant table, from a winter day on the slopes to a walk by the lake.  <\/p>\n<p>As a <strong>St. Moritz escort<\/strong>, I accompany you across the Upper Engadin, from St. Moritz to Celerina, Samedan and Pontresina, as well as Silvaplana and Sils. If discretion matters to you and you want a reliable companion, you can book me as an <strong>independent escort in St. Moritz<\/strong> for trips with high expectations. <\/p>\n<\/div><\/div>\n\n<div class=\"et_pb_heading_2 et_pb_heading et_pb_module et_flex_module\"><div class=\"et_pb_heading_container\"><h2 class=\"et_pb_module_header\">Dominatrix St. Moritz for thrilling BDSM experiences<\/h2><\/div><\/div>\n\n<div class=\"et_pb_text_19 et_pb_text et_pb_bg_layout_light et_pb_module et_flex_module\"><div class=\"et_pb_text_inner\"><p>As a <strong>St. Moritz dominatrix<\/strong>, I offer dominant encounters for men who consciously want to submit and who expect discretion, class, and firmness. You meet a <g id=\"gid_3\"><strong><g id=\"gid_4\">dominant escort lady<\/g><\/strong><\/g> who reacts attentively to you and shapes the intensity so it matches your preferences. The focus can be on mental dominance, for example through rules, tasks, and consequences, or on physical intensity with restraints and intense impact play. Pegging, a range of roleplays, and the exploration of fetishes are also possible. What matters is that the flow and intensity are consistent and well judged, and that you receive an experience that meets your standards.    <\/p>\n<\/div><\/div>\n\n<div class=\"et_pb_heading_3 et_pb_heading et_pb_module et_flex_module\"><div class=\"et_pb_heading_container\"><h2 class=\"et_pb_module_header\">St. Moritz in winter with a luxury escort lady<\/h2><\/div><\/div>\n\n<div class=\"et_pb_text_20 et_pb_text et_pb_bg_layout_light et_pb_module et_flex_module\"><div class=\"et_pb_text_inner\"><p>In winter, St. Moritz has a distinctive atmosphere because sport, glamour, and a perfectly coordinated infrastructure come together in a compact setting. Many guests come for reliable snow conditions and the variety, from skiing and cross country skiing to winter hikes and activities on the lake. Winter also makes the destination noticeably more international. In hotels, restaurants, and bars, you meet people who come specifically for this mix. During the day, the mountains and movement take centre stage. Later, many move on to excellent restaurants, elegant bars, and a vibrant nightlife. As luxury <strong>escort in St. Moritz<\/strong>, I accompany you with style and discretion to the outstanding winter events in the Engadin.     <\/p>\n<p>A central highlight of the season is the international horse racing on the frozen lake. White Turf combines sport on the lake with exclusive hospitality areas and guests who travel for atmosphere, tradition, and networking.  <\/p>\n<p>The Snow Polo World Cup in St. Moritz is one of the region\u2019s most distinctive winter events. It attracts polo fans, entrepreneurs, media, and brands who are looking for sporting tension and a highly exclusive event scene.<\/p>\n<p>If you want an event that brings together winter scenery and design at the highest level, The I.C.E. St. Moritz is an excellent choice. Classic automobiles are presented on the frozen lake, and the audience includes collectors, connoisseurs, international guests, and people who appreciate aesthetics and luxury. <\/p>\n<p>Beyond these big names, St. Moritz also has winter moments shaped more by tradition than glamour, and that is precisely why they make an impression. The Cresta Run season is part of that, with races held regularly in winter and deeply rooted in St. Moritz history. Cross country skiing draws a dedicated audience throughout the valley. The Engadin Ski Marathon also brings thousands to the Engadin every year.   <\/p>\n<\/div><\/div>\n\n<div class=\"et_pb_heading_4 et_pb_heading et_pb_module et_flex_module\"><div class=\"et_pb_heading_container\"><h2 class=\"et_pb_module_header\">Summer in the Engadin with a high class escort lady<\/h2><\/div><\/div>\n\n<div class=\"et_pb_text_21 et_pb_text et_pb_bg_layout_light et_pb_module et_flex_module\"><div class=\"et_pb_text_inner\"><p>Summer in the Engadin is not an off season. It is simply different. The region becomes more sporty, more cultural, and often more relaxed, without losing its standards. During this time, St. Moritz offers a striking concentration of concerts, sporting events, and occasions attended by guests who want more than just beautiful scenery.  <\/p>\n<p>Culturally, the Engadin Festival is one of the established formats, with classical concerts at changing locations in the Upper Engadin. There is also the Festival da Jazz in St. Moritz, with concerts at several venues and the Dracula Club as a well known setting. If you are looking for art and a strong social scene, St. Moritz also offers formats that connect art and film, such as the St. Moritz Art Film Festival, which explicitly relates to St. Moritz and the Engadin.  <\/p>\n<p>On the sporting side, the Engadin in summer is a stage for people who want movement in a spectacular mountain setting. The Engadin Radmarathon is a recurring road cycling event with mountain passes and impressive routes through the region. There are also running events around St. Moritz and Silvaplana that suit different levels.  <\/p>\n<p>Summer in the Engadin has a special calm that never feels dull. Between mountains, lakes, terraces, and excellent hotels, an atmosphere develops that makes it easy to enjoy yourself. As high class <strong>Escort Engadin<\/strong>, I accompany you as an independent, discreet woman who makes your stay in this outstanding region even more enjoyable.  <\/p>\n<\/div><\/div>\n\n<div class=\"et_pb_heading_5 et_pb_heading et_pb_module et_flex_module\"><div class=\"et_pb_heading_container\"><h3 class=\"et_pb_module_header\">The best hotels in St. Moritz and the Engadin<\/h3><\/div><\/div>\n\n<div class=\"et_pb_text_22 et_pb_text et_pb_bg_layout_light et_pb_module et_flex_module\"><div class=\"et_pb_text_inner\"><p>St. Moritz is strongly defined by its hotels. Some houses are not only accommodation, but also meeting points and key infrastructure for occasions and events. Badrutt\u2019s Palace Hotel is one of the destination\u2019s iconic grand hotels and has been a fixture for international guests for years.   <\/p>\n<p>Kulm Hotel St. Moritz is closely connected to the town\u2019s history and is frequently named as a top address. Suvretta House represents classic grand hotel luxury in a ski close location, while Carlton Hotel St. Moritz stands out with a clear suite focus and a boutique grand hotel style.  <\/p>\n<p>Grand Hotel des Bains Kempinski is one of the major addresses, especially when a strong spa and comprehensive hotel infrastructure matter. Grace La Margna St. Moritz is often highlighted as a modern luxury hotel option in town. <\/p>\n<\/div><\/div>\n\n<div class=\"et_pb_heading_6 et_pb_heading et_pb_module et_flex_module\"><div class=\"et_pb_heading_container\"><h3 class=\"et_pb_module_header\">Enjoy fine dining with a high class escort lady<\/h3><\/div><\/div>\n\n<div class=\"et_pb_text_23 et_pb_text et_pb_bg_layout_light et_pb_module et_flex_module\"><div class=\"et_pb_text_inner\"><p>Culinarily, St. Moritz and the Upper Engadin are unusually dense because fine dining, international concepts, and classic houses are concentrated within a short distance. Well known addresses include Da Vittorio at the Carlton Hotel, Ecco St. Moritz at Giardino Mountain, La Coupole with star chef Matsuhisa at Badrutt\u2019s Palace, as well as KCC by Mauro Colagreco, Langosteria, and Beefbar. <\/p>\n<p>Wenn Du Deinen Radius im Oberengadin erweiterst, lohnt sich auch ein Abstecher nach Sils ins Waldhaus, etwa ins Restaurant GIGERs, das f\u00fcr saisonale K\u00fcche mit regionalem Bezug steht. Und f\u00fcr Fisch und Seafood ist das Restaurant Murtar\u00f6l am Silsersee eine der besten Adressen der Region. Als Escort St. Moritz und Escort Engadin geniesse ich mit Dir sehr gerne kulinarische K\u00f6stlichkeiten bei einer angeregten Unterhaltung.   <\/p>\n<\/div><\/div>\n<\/div>\n<\/div>\n<\/div>","protected":false},"excerpt":{"rendered":"","protected":false},"author":1,"featured_media":0,"parent":0,"menu_order":0,"comment_status":"closed","ping_status":"closed","template":"","meta":{"_acf_changed":false,"footnotes":""},"class_list":["post-1531","page","type-page","status-publish","hentry"],"acf":[],"_links":{"self":[{"href":"https:\/\/independentescort.ch\/en\/wp-json\/wp\/v2\/pages\/1531","targetHints":{"allow":["GET"]}}],"collection":[{"href":"https:\/\/independentescort.ch\/en\/wp-json\/wp\/v2\/pages"}],"about":[{"href":"https:\/\/independentescort.ch\/en\/wp-json\/wp\/v2\/types\/page"}],"author":[{"embeddable":true,"href":"https:\/\/independentescort.ch\/en\/wp-json\/wp\/v2\/users\/1"}],"replies":[{"embeddable":true,"href":"https:\/\/independentescort.ch\/en\/wp-json\/wp\/v2\/comments?post=1531"}],"version-history":[{"count":0,"href":"https:\/\/independentescort.ch\/en\/wp-json\/wp\/v2\/pages\/1531\/revisions"}],"wp:attachment":[{"href":"https:\/\/independentescort.ch\/en\/wp-json\/wp\/v2\/media?parent=1531"}],"curies":[{"name":"wp","href":"https:\/\/api.w.org\/{rel}","templated":true}]}}